{"id":701,"date":"2011-05-20T18:49:43","date_gmt":"2011-05-20T16:49:43","guid":{"rendered":"http:\/\/wpthemetestdata.wordpress.com\/?page_id=701"},"modified":"2023-05-09T18:47:25","modified_gmt":"2023-05-09T16:47:25","slug":"easy-funds","status":"publish","type":"page","link":"https:\/\/www.easyfunds.uno\/","title":{"rendered":"Easy Funds"},"content":{"rendered":"\t\t<div data-elementor-type=\"wp-page\" data-elementor-id=\"701\" class=\"elementor elementor-701\" data-elementor-post-type=\"page\">\n\t\t\t\t\t\t<section class=\"elementor-section elementor-top-section elementor-element elementor-element-4ac4dc9 elementor-section-boxed elementor-section-height-default elementor-section-height-default\" data-id=\"4ac4dc9\" data-element_type=\"section\" data-e-type=\"section\">\n\t\t\t\t\t\t<div class=\"elementor-container elementor-column-gap-default\">\n\t\t\t\t\t<div class=\"elementor-column elementor-col-100 elementor-top-column elementor-element elementor-element-bea9007\" data-id=\"bea9007\" data-element_type=\"column\" data-e-type=\"column\">\n\t\t\t<div class=\"elementor-widget-wrap elementor-element-populated\">\n\t\t\t\t\t\t<div class=\"elementor-element elementor-element-ba5d293 elementor-widget elementor-widget-image\" data-id=\"ba5d293\" data-element_type=\"widget\" data-e-type=\"widget\" data-widget_type=\"image.default\">\n\t\t\t\t<div class=\"elementor-widget-container\">\n\t\t\t\t\t\t\t\t\t\t\t\t\t\t\t<img fetchpriority=\"high\" decoding=\"async\" width=\"1500\" height=\"1000\" src=\"https:\/\/www.easyfunds.uno\/wp-content\/uploads\/2022\/12\/phone-mockup.png\" class=\"attachment-2048x2048 size-2048x2048 wp-image-1899\" alt=\"\" srcset=\"https:\/\/www.easyfunds.uno\/wp-content\/uploads\/2022\/12\/phone-mockup.png 1500w, https:\/\/www.easyfunds.uno\/wp-content\/uploads\/2022\/12\/phone-mockup-300x200.png 300w, https:\/\/www.easyfunds.uno\/wp-content\/uploads\/2022\/12\/phone-mockup-1024x683.png 1024w, https:\/\/www.easyfunds.uno\/wp-content\/uploads\/2022\/12\/phone-mockup-768x512.png 768w\" sizes=\"(max-width: 1500px) 100vw, 1500px\" \/>\t\t\t\t\t\t\t\t\t\t\t\t\t\t\t<\/div>\n\t\t\t\t<\/div>\n\t\t\t\t<div class=\"elementor-element elementor-element-ecb9dd0 elementor-widget elementor-widget-text-editor\" data-id=\"ecb9dd0\" data-element_type=\"widget\" data-e-type=\"widget\" data-widget_type=\"text-editor.default\">\n\t\t\t\t<div class=\"elementor-widget-container\">\n\t\t\t\t\t\t\t\t\t<h5>Se hai gi\u00e0 un conoscente da segnalarci puoi partire in quarta subito&#8230; Infatti dopo la richiesta potrai ricevere il link per scaricare la nostra APP e registrarti subito come nostro Segnalatore.<\/h5><h5>Diventare nostro Segnalatore \u00e8 un&#8217;occasione unica per poter\u00a0<strong>incassare anche 5000\u20ac senza alzare un dito<\/strong>.<\/h5><h5>Il patto \u00e8 semplice, tu ci segnali un potenziale cliente, noi curiamo tutta la trattativa, quando la segnalazione andr\u00e0 a buon fine, tu riceverai la cifra pattuita.<\/h5><div>\u00a0<\/div><h5>L&#8217;App &#8220;<i><b>Easy Funds<\/b><\/i>&#8221; ti aggiorner\u00e0 sull&#8217;avanzamento della segnalazione in tempo reale, cosi sarai sempre aggiornato su quello che succede.\u00a0<\/h5><h5>Oltre a questo un &#8220;<strong>notaio virtuale<\/strong>&#8221; rappresentato dalla Blockchain Ethereum, valider\u00e0 ogni segnalazione rendendo impossibile che tu non venga pagato o qualcuno faccia il furbo.\u00a0<\/h5><div>\u00a0<\/div><h5>Ora devi solo fare azione e procedere come segue:<\/h5><ol><li><h5>Inserisci i tuoi dati in questa pagina<\/h5><\/li><li><h5>Ricevi la mail con le istruzioni<\/h5><\/li><li><h5>Nella mail troverai il link per scaricare la nostra APP<\/h5><\/li><li><h5>Inizia a fare azione<\/h5><\/li><li><h5>Prenota la tua CALL per conoscerci<\/h5><\/li><\/ol><h5>Ora vediamo un po&#8217; come puoi fare a farci la tua prima segnalazione.<\/h5><h5>\u00a0<\/h5><div>\u00a0<\/div><h5><b>CHI SEGNALARE:<\/b><br \/>Qualsiasi Impresa che sia interessata ad ottenere contributi a fondo perduto e supporto strategico o finanziario e che non sa o non vuole restare bloccato in processi burocratici lunghi e complicati.<br \/>Pensa a chi, nella tua sfera di conoscenze sta pensando di intraprendere un nuovo progetto imprenditoriale, o l\u2019ha gi\u00e0 avviato, e necessita di aiuto per ottenere fondi necessari alla crescita e all\u2019innovazione o per ideare una strategia vincente per emergere rispetto ai competitor.<\/h5><h5>\u00a0<\/h5><h5><b>COME SEGNALARE:<\/b><br \/>Un buon esempio di contatto potrebbe essere questo:<\/h5><h5>\u201cHo conosciuto una societ\u00e0 che ti pu\u00f2 aiutare a far crescere o ottenere liquidit\u00e0 per innovare la tua impresa. Grazie ad un team composto da ingegneri, economisti e legali, possono guidarti attraverso la creazione di strategie mirate per il raggiungimento dei tuoi obiettivi o fornirti la liquidit\u00e0 che ti serve attraverso l\u2019applicazione a bandi, appalti e finanziamenti comunitari e nazionali a fondo perduto.<\/h5><h5>La cosa che mi \u00e8 piaciuta \u00e8 che pensano a tutto loro. Dalla ricerca della migliore opportunit\u00e0, passando alla analisi gratuita della fattibilit\u00e0, alla progettazione fino alla rendicontazione. Se hai piacere, senza impegno, gli posso dare il tuo numero di telefono cos\u00ec ti chiamano, vi mettete d\u2019accordo e vi parlate tra di voi e fissate un appuntamento.\u201d<\/h5>\t\t\t\t\t\t\t\t<\/div>\n\t\t\t\t<\/div>\n\t\t\t\t<div class=\"elementor-element elementor-element-88b4b89 elementor-widget elementor-widget-text-editor\" data-id=\"88b4b89\" data-element_type=\"widget\" data-e-type=\"widget\" data-widget_type=\"text-editor.default\">\n\t\t\t\t<div class=\"elementor-widget-container\">\n\t\t\t\t\t\t\t\t\t<p><em>Per lavorare come segnalatore non serve una partita IVA, quindi puoi farlo occasionalmente anche come privato. Superati i 5000 \u20ac di provvigioni incassate dovrai aprirti la tua partita IVA.<\/em><\/p>\t\t\t\t\t\t\t\t<\/div>\n\t\t\t\t<\/div>\n\t\t\t\t\t<\/div>\n\t\t<\/div>\n\t\t\t\t\t<\/div>\n\t\t<\/section>\n\t\t\t\t<section class=\"elementor-section elementor-top-section elementor-element elementor-element-942d24b elementor-section-boxed elementor-section-height-default elementor-section-height-default\" data-id=\"942d24b\" data-element_type=\"section\" data-e-type=\"section\" data-settings=\"{&quot;background_background&quot;:&quot;classic&quot;}\">\n\t\t\t\t\t\t<div class=\"elementor-container elementor-column-gap-default\">\n\t\t\t\t\t<div class=\"elementor-column elementor-col-100 elementor-top-column elementor-element elementor-element-e85f19e\" data-id=\"e85f19e\" data-element_type=\"column\" data-e-type=\"column\">\n\t\t\t<div class=\"elementor-widget-wrap elementor-element-populated\">\n\t\t\t\t\t\t<div class=\"elementor-element elementor-element-03c386f elementor-widget elementor-widget-heading\" data-id=\"03c386f\" data-element_type=\"widget\" data-e-type=\"widget\" data-widget_type=\"heading.default\">\n\t\t\t\t<div class=\"elementor-widget-container\">\n\t\t\t\t\t<h4 class=\"elementor-heading-title elementor-size-default\">Se vuoi entrare nel nostro CLUB, guadagnare fino a \u20ac5000 a referenza, il primo passo \u00e8 farci sapere che sei interessato e a conoscerci meglio.\n\n\nCompila il form qui sotto, riceverai una mail con tutte le informazioni, il link dell'APP e sarai contattato nei prossimi giorni dal nostro Referral Director<\/h4>\t\t\t\t<\/div>\n\t\t\t\t<\/div>\n\t\t\t\t<div class=\"elementor-element elementor-element-e2c79c2 elementor-widget elementor-widget-html\" data-id=\"e2c79c2\" data-element_type=\"widget\" data-e-type=\"widget\" data-widget_type=\"html.default\">\n\t\t\t\t<div class=\"elementor-widget-container\">\n\t\t\t\t\t\n                <form method=\"post\" action=\"https:\/\/app2.yourappconsole.com\/migareference\/public_optinlanding\/subscribe\" target=\"_blank\" style=\"border: 3px solid #f1f1f1;font-family: Arial;\">\n                    <div style=\"padding: 20px;background-color:white;\">\n                        <p>Nome *<\/p>\n                        <input style=\"width: 100%;padding: 12px; margin: 8px 0;display: inline-block;border: 1px solid #ccc;box-sizing: border-box;\" type=\"text\" name=\"firstname\"required>\n                        <p>Cognome *<\/p>\n                        <input style=\"width: 100%;padding: 12px; margin: 8px 0;display: inline-block;border: 1px solid #ccc;box-sizing: border-box;\" type=\"text\" name=\"lastname\"required>\n                        <p>Indirizzo Email *<\/p>\n                        <input style=\"width: 100%;padding: 12px; margin: 8px 0;display: inline-block;border: 1px solid #ccc;box-sizing: border-box;\" type=\"email\" name=\"email\" required>\n                        <p>Cellulare *<\/p>\n                        <input style=\"height:46px; width: 100%;padding: 12px; margin: 8px 0;display: inline-block;border: 1px solid #ccc;box-sizing: border-box;\" type=\"text\" name=\"mobile\" required>\n                        <p>Data Nascita *<\/p>\n                        <input style=\"height:46px; width: 100%;padding: 12px; margin: 8px 0;display: inline-block;border: 1px solid #ccc;box-sizing: border-box;\" type=\"date\"  name=\"birthdate\" required>\n                        <p class=\"\">Seleziona Professione *<\/p>\n                        <select id=\"job_id\" class=\"\" name=\"job_id\" style=\"display:none;width: 100%;height:46px;padding: 12px; margin: 8px 0;display: inline-block;border: 1px solid #ccc;box-sizing: border-box;\">                                                \n                        <\/select>\n                        <p class=\"sponsor_list\">Chi ti ha invitato ad essere Segnalatore? *<\/p>\n                        <select id=\"sponsor_id\" class=\"sponsor_list\" name=\"sponsor_id\" style=\"display:none;width: 100%;height:46px;padding: 12px; margin: 8px 0;display: inline-block;border: 1px solid #ccc;box-sizing: border-box;\">                                                \n                        <\/select>\n                        <p class=\"province_list\">Provincia di Residenza *<\/p>\n                        <select id=\"province_id\" class=\"province_list\" name=\"province_id\" style=\"display:none;width: 100%;height:46px;padding: 12px; margin: 8px 0;display: inline-block;border: 1px solid #ccc;box-sizing: border-box;\">                                                \n                        <\/select>\n                        <input type=\"hidden\" name=\"app_id\" value=\"164\">\n                        <input type=\"hidden\" name=\"value_id\" value=\"\">\n                        <input type=\"hidden\" id=\"sponsord_by\" name=\"sponsord_by\" value=\"\">\n                        <label>\n                        <input style=\"margin-top: 16px;\" type=\"checkbox\" checked=\"checked\" required> \n                        <a href=\"https:\/\/app2.yourappconsole.com\/application\/privacypolicy\/index\/id\/638e1ef237d8c\" target=\"_blank\" > Accetto l'Informativa Privacy <\/a>\n                        <\/label>\n                        <input style=\"margin-top: 16px;\" type=\"checkbox\" checked=\"checked\" required> \n                        <a href=\"https:\/\/app2.yourappconsole.com\/application\/privacypolicy\/index\/id\/638e1ef237d8c\" target=\"_blank\" > Consenso per essere richiamato <\/a>\n                        <\/label>\n                    <\/div>\n                    <div style=\"padding: 20px;background-color: #f1f1f1;text-align: center;\">\n                        <input class = \"subscription_button\"  style=\"width: 100%;padding: 12px; margin: 8px 0;display: inline-block;border: 1px solid #ccc;box-sizing: border-box;background-color: #000000;color: #ffffff;border: none;\"  type=\"submit\" value=\"SI! Voglio candidarmi\">\n                    <\/div>\n                <\/form>\n                \n                <script\n                src=\"https:\/\/ajax.googleapis.com\/ajax\/libs\/jquery\/3.6.0\/jquery.min.js\">\n                <\/script>\n                <script>\n                  loadSettings();\n                    function loadSettings() {\n                    $.ajax({\n                            url: 'https:\/\/app2.yourappconsole.com\/migareference\/public_optinlanding\/loadsettings',\n                            type: 'POST',\n                            dataType: 'json',\n                            data: {app_id: 164}\n                        })\n                        .done(function(data) {\n                           $(\"#sponsor_id\").html(\"\").append(data.agent_option);\n                           $(\"#province_id\").html(\"\").append(data.province_list);\n                           $(\"#job_id\").html(\"\").append(data.job_list);\n                           $(\".sponsor_list\").css(\"display\", data.sponsor_display);\n                           $(\".province_list\").css(\"display\", data.province_display);\n                           const urlParams = new URLSearchParams(window.location.search);                               \n                           $(\"#sponsord_by\").val(urlParams.get('agval'));\n                        });\n                    }\n                <\/script>\n                \t\t\t\t<\/div>\n\t\t\t\t<\/div>\n\t\t\t\t\t<\/div>\n\t\t<\/div>\n\t\t\t\t\t<\/div>\n\t\t<\/section>\n\t\t\t\t<section class=\"elementor-section elementor-top-section elementor-element elementor-element-13c00b9 elementor-section-boxed elementor-section-height-default elementor-section-height-default\" data-id=\"13c00b9\" data-element_type=\"section\" data-e-type=\"section\">\n\t\t\t\t\t\t<div class=\"elementor-container elementor-column-gap-default\">\n\t\t\t\t\t<div class=\"elementor-column elementor-col-100 elementor-top-column elementor-element elementor-element-4152e34\" data-id=\"4152e34\" data-element_type=\"column\" data-e-type=\"column\">\n\t\t\t<div class=\"elementor-widget-wrap elementor-element-populated\">\n\t\t\t\t\t\t<div class=\"elementor-element elementor-element-2bd7f14 elementor-widget elementor-widget-text-editor\" data-id=\"2bd7f14\" data-element_type=\"widget\" data-e-type=\"widget\" data-widget_type=\"text-editor.default\">\n\t\t\t\t<div class=\"elementor-widget-container\">\n\t\t\t\t\t\t\t\t\t<p style=\"text-align: center;\"><strong>EREB S.R.L.<\/strong><\/p><p style=\"text-align: center;\"><span dir=\"ltr\" role=\"presentation\">VIA NERVESA\u00a0<\/span><span dir=\"ltr\" role=\"presentation\">6 &#8211; 30171 <\/span><span dir=\"ltr\" role=\"presentation\">&#8211; VENEZIA<\/span><\/p><p style=\"text-align: center;\">Tel. 041.2687940 &#8211; C.F.\/P.IVA 04720730276<\/p>\t\t\t\t\t\t\t\t<\/div>\n\t\t\t\t<\/div>\n\t\t\t\t\t<\/div>\n\t\t<\/div>\n\t\t\t\t\t<\/div>\n\t\t<\/section>\n\t\t\t\t<\/div>\n\t\t","protected":false},"excerpt":{"rendered":"<p>Se hai gi\u00e0 un conoscente da segnalarci puoi partire in quarta subito&#8230; Infatti dopo la richiesta potrai ricevere il link per scaricare la nostra APP e registrarti subito come nostro Segnalatore. Diventare nostro Segnalatore \u00e8<\/p>\n","protected":false},"author":1,"featured_media":0,"parent":0,"menu_order":0,"comment_status":"open","ping_status":"closed","template":"","meta":{"footnotes":""},"class_list":["post-701","page","type-page","status-publish","hentry"],"_links":{"self":[{"href":"https:\/\/www.easyfunds.uno\/index.php?rest_route=\/wp\/v2\/pages\/701","targetHints":{"allow":["GET"]}}],"collection":[{"href":"https:\/\/www.easyfunds.uno\/index.php?rest_route=\/wp\/v2\/pages"}],"about":[{"href":"https:\/\/www.easyfunds.uno\/index.php?rest_route=\/wp\/v2\/types\/page"}],"author":[{"embeddable":true,"href":"https:\/\/www.easyfunds.uno\/index.php?rest_route=\/wp\/v2\/users\/1"}],"replies":[{"embeddable":true,"href":"https:\/\/www.easyfunds.uno\/index.php?rest_route=%2Fwp%2Fv2%2Fcomments&post=701"}],"version-history":[{"count":0,"href":"https:\/\/www.easyfunds.uno\/index.php?rest_route=\/wp\/v2\/pages\/701\/revisions"}],"wp:attachment":[{"href":"https:\/\/www.easyfunds.uno\/index.php?rest_route=%2Fwp%2Fv2%2Fmedia&parent=701"}],"curies":[{"name":"wp","href":"https:\/\/api.w.org\/{rel}","templated":true}]}}